{"id":57,"date":"2019-01-12T00:23:07","date_gmt":"2019-01-11T23:23:07","guid":{"rendered":"http:\/\/lindapinson.fr\/?page_id=57"},"modified":"2021-08-16T20:23:36","modified_gmt":"2021-08-16T18:23:36","slug":"temoignages","status":"publish","type":"page","link":"https:\/\/lindapinson.fr\/?page_id=57","title":{"rendered":"T\u00c9MOIGNAGES"},"content":{"rendered":"<p><\/p>\n<p>Christelle : Je recommande, effet imm\u00e9diat<\/p>\n<p>Pour le moment, je n&rsquo;ai fait qu&rsquo;une soir\u00e9e de d\u00e9couverte (12\/2018).&nbsp; Mais Linda en 2\u00e8me partie de soir\u00e9e , nous a fait une s\u00e9ance d&rsquo;hypnose \u00ab\u00a0bien-\u00eatre\u00a0\u00bb. Les jours qui ont suivi, j&rsquo;ai ressenti un meilleur moral et la douleur que j&rsquo;avais au dos avait disparu. Je commence donc d\u00e8s jeudi prochain (01\/2019) un travail de groupe sur une ann\u00e9e afin de faire un travail sur moi-m\u00eame.<\/p>\n\n\n<p>Lucien: Cela fait un mois que je suis venu en consultation chez linda pour une double s\u00e9ance de th\u00e9rapie manuelle et hypnose. Pour mon probl\u00e8me d\u2019acouph\u00e8ne. J&rsquo;ai une tr\u00e8s nette am\u00e9lioration. Merci beaucoup.<\/p>\n\n\n\n<p>Je suis venue pour mon gar\u00e7on d\u00fb au probl\u00e8me de pipi au lit. Le soir m\u00eame  de la s\u00e9ance, il n&rsquo;y a plus d&rsquo;accident.<\/p>\n\n\n\n<p>J&rsquo;ai fait une s\u00e9ance d&rsquo;hypnose pour mes ronflements et je suis ravie. Je ne ronfle plus et mon mari en est enchant\u00e9.<\/p>\n\n\n\n<p>C\u00e9line. Pour le moment j&rsquo;ai fait une s\u00e9ance d&rsquo;hypnose pour maigrir. Au jours d&rsquo;aujourd&rsquo;hui mon estomac a chang\u00e9 dans toute mes habitudes alimentaires. Je vais revenir te voir pour poursuivre mon objectif.<\/p>\n\n\n\n<p>Marie: Depuis la s\u00e9ance d&rsquo;hypnose ma fille de 7 ans ne pleure plus la nuit, n&rsquo;a plus peur du noir,  le rituel du soir a disparu. Je recommande fortement.<\/p>\n\n\n\n<p>Marc: Une s\u00e9ance de th\u00e9rapie manuelle m&rsquo;a permis de d\u00e9bloquer mon bassin, J&rsquo;ai pu reprendre mon sport.<\/p>\n\n\n\n<p>Isabelle: J&rsquo;ai fait du kin\u00e9 depuis des ann\u00e9es pour me soulager de mes douleurs articulaires et il a fallu de 2 s\u00e9ances d&rsquo;hypnose pour retrouv\u00e9 un corps en harmonie.<\/p>\n\n\n\n<p>catherine : merci beaucoup linda pour ma s\u00e9ance. Linda nous met tr\u00e8s \u00e0 l&rsquo;aise.<\/p>\n\n\n\n<p>St\u00e9phane: j&rsquo;ai beaucoup appr\u00e9cie le massage de la d\u00e9tente musculaire. Apr\u00e8s la s\u00e9ance de th\u00e9rapie manuelle. J&rsquo;ai retrouv\u00e9 toute mon \u00e9nergie.<\/p>\n\n\n\n<p><\/p>\n","protected":false},"excerpt":{"rendered":"<p>Christelle : Je recommande, effet imm\u00e9diat Pour le moment, je n&rsquo;ai fait qu&rsquo;une soir\u00e9e de d\u00e9couverte (12\/2018).&nbsp; Mais Linda en 2\u00e8me partie de soir\u00e9e , nous a fait une s\u00e9ance d&rsquo;hypnose \u00ab\u00a0bien-\u00eatre\u00a0\u00bb. Les jours qui ont suivi, j&rsquo;ai ressenti un meilleur moral et la douleur que j&rsquo;avais au dos avait disparu. Je commence donc d\u00e8s &hellip; <\/p>\n<p class=\"link-more\"><a href=\"https:\/\/lindapinson.fr\/?page_id=57\" class=\"more-link\">Continuer la lecture<span class=\"screen-reader-text\"> de &laquo;&nbsp;T\u00c9MOIGNAGES&nbsp;&raquo;<\/span><\/a><\/p>\n","protected":false},"author":1,"featured_media":0,"parent":0,"menu_order":0,"comment_status":"open","ping_status":"closed","template":"","meta":{"footnotes":""},"_links":{"self":[{"href":"https:\/\/lindapinson.fr\/index.php?rest_route=\/wp\/v2\/pages\/57"}],"collection":[{"href":"https:\/\/lindapinson.fr\/index.php?rest_route=\/wp\/v2\/pages"}],"about":[{"href":"https:\/\/lindapinson.fr\/index.php?rest_route=\/wp\/v2\/types\/page"}],"author":[{"embeddable":true,"href":"https:\/\/lindapinson.fr\/index.php?rest_route=\/wp\/v2\/users\/1"}],"replies":[{"embeddable":true,"href":"https:\/\/lindapinson.fr\/index.php?rest_route=%2Fwp%2Fv2%2Fcomments&post=57"}],"version-history":[{"count":8,"href":"https:\/\/lindapinson.fr\/index.php?rest_route=\/wp\/v2\/pages\/57\/revisions"}],"predecessor-version":[{"id":603,"href":"https:\/\/lindapinson.fr\/index.php?rest_route=\/wp\/v2\/pages\/57\/revisions\/603"}],"wp:attachment":[{"href":"https:\/\/lindapinson.fr\/index.php?rest_route=%2Fwp%2Fv2%2Fmedia&parent=57"}],"curies":[{"name":"wp","href":"https:\/\/api.w.org\/{rel}","templated":true}]}}