{"id":60,"date":"2019-01-12T00:25:13","date_gmt":"2019-01-11T23:25:13","guid":{"rendered":"http:\/\/lindapinson.fr\/?page_id=60"},"modified":"2025-10-15T16:06:02","modified_gmt":"2025-10-15T14:06:02","slug":"tarifs","status":"publish","type":"page","link":"https:\/\/lindapinson.fr\/?page_id=60","title":{"rendered":"TARIFS"},"content":{"rendered":"\n<p><\/p>\n\n\n\n<h2 class=\"wp-block-heading\"><font style=\"vertical-align: inherit;\"><font style=\"vertical-align: inherit;\">Th\u00e9rapie Manuelle &amp;  Psycho-Corporelle<\/font><\/font><\/h2>\n\n\n\n<p>Dur\u00e9e 1h \u00e0 1H30 <\/p>\n\n\n\n<p><font style=\"vertical-align: inherit;\"><font style=\"vertical-align: inherit;\">Adulte <\/font><\/font>&#8230;&#8230;&#8230;&#8230;&#8230;&#8230;&#8230;60\u20ac<\/p>\n\n\n\n<p><font style=\"vertical-align: inherit;\"><font style=\"vertical-align: inherit;\"> Enfant \u2026\u2026\u2026\u2026 &#8230;  55 \u20ac<\/font><\/font><\/p>\n\n\n\n<p><\/p>\n\n\n\n<p><font style=\"vertical-align: inherit;\"><font style=\"vertical-align: inherit;\">DOUBLE S\u00c9ANCE: Hypnose et Th\u00e9rapie Manuelle&#8230;&#8230;&#8230;&#8230;&#8230;&#8230;&#8230;&#8230;105 \u20ac (environ 1H45\/2h)<\/font><\/font><\/p>\n\n\n\n<h2 class=\"wp-block-heading\"><font style=\"vertical-align: inherit;\"><font style=\"vertical-align: inherit;\">Hypnose Saj\u00e8ce <\/font><\/font><\/h2>\n\n\n<p>S\u00e9ance individuelle<\/p>\n<p>Dur\u00e9e 1h environ<\/p>\n<p>Adulte\u2026\u2026\u2026\u2026\u2026\u2026\u2026\u2026.70\u20ac<\/p>\n<p><span style=\"display: inline !important; float: none; background-color: transparent; color: #333333; cursor: text; font-family: 'Libre Franklin','Helvetica Neue',helvetica,arial,sans-serif; font-size: 16px; font-style: normal; font-variant: normal; font-weight: 400; letter-spacing: normal; orphans: 2; text-align: left; text-decoration: none; text-indent: 0px; text-transform: none; -webkit-text-stroke-width: 0px; white-space: normal; word-spacing: 0px;\">Enfant&#8230;\u2026\u2026\u2026\u2026.\u202655\u20ac<\/span><\/p>\n<p>\u00a0<\/p>\n<p>\u00a0<\/p>\n<p>\u00a0<\/p>\n<p><!--EndFragment--><\/p>\n<p><!--EndFragment--><\/p>","protected":false},"excerpt":{"rendered":"<p>Th\u00e9rapie Manuelle &amp; Psycho-Corporelle Dur\u00e9e 1h \u00e0 1H30 Adulte &#8230;&#8230;&#8230;&#8230;&#8230;&#8230;&#8230;60\u20ac Enfant \u2026\u2026\u2026\u2026 &#8230; 55 \u20ac DOUBLE S\u00c9ANCE: Hypnose et Th\u00e9rapie Manuelle&#8230;&#8230;&#8230;&#8230;&#8230;&#8230;&#8230;&#8230;105 \u20ac (environ 1H45\/2h) Hypnose Saj\u00e8ce S\u00e9ance individuelle Dur\u00e9e 1h environ Adulte\u2026\u2026\u2026\u2026\u2026\u2026\u2026\u2026.70\u20ac Enfant&#8230;\u2026\u2026\u2026\u2026.\u202655\u20ac \u00a0 \u00a0 \u00a0<\/p>\n","protected":false},"author":1,"featured_media":0,"parent":0,"menu_order":0,"comment_status":"closed","ping_status":"closed","template":"","meta":{"footnotes":""},"_links":{"self":[{"href":"https:\/\/lindapinson.fr\/index.php?rest_route=\/wp\/v2\/pages\/60"}],"collection":[{"href":"https:\/\/lindapinson.fr\/index.php?rest_route=\/wp\/v2\/pages"}],"about":[{"href":"https:\/\/lindapinson.fr\/index.php?rest_route=\/wp\/v2\/types\/page"}],"author":[{"embeddable":true,"href":"https:\/\/lindapinson.fr\/index.php?rest_route=\/wp\/v2\/users\/1"}],"replies":[{"embeddable":true,"href":"https:\/\/lindapinson.fr\/index.php?rest_route=%2Fwp%2Fv2%2Fcomments&post=60"}],"version-history":[{"count":23,"href":"https:\/\/lindapinson.fr\/index.php?rest_route=\/wp\/v2\/pages\/60\/revisions"}],"predecessor-version":[{"id":658,"href":"https:\/\/lindapinson.fr\/index.php?rest_route=\/wp\/v2\/pages\/60\/revisions\/658"}],"wp:attachment":[{"href":"https:\/\/lindapinson.fr\/index.php?rest_route=%2Fwp%2Fv2%2Fmedia&parent=60"}],"curies":[{"name":"wp","href":"https:\/\/api.w.org\/{rel}","templated":true}]}}